{"id":171,"date":"2020-04-02T08:36:03","date_gmt":"2020-04-02T08:36:03","guid":{"rendered":"http:\/\/wonnerthdejaco.com\/contact\/"},"modified":"2025-02-06T13:35:52","modified_gmt":"2025-02-06T13:35:52","slug":"contact","status":"publish","type":"page","link":"https:\/\/wonnerthdejaco.com\/de\/contact\/","title":{"rendered":"Kontakt"},"content":{"rendered":"<p>&nbsp;<\/p>\n<p>Wonnerth Dejaco wurde 2020 von den\u00a0 Kurator*innen und Kunsthistoriker*innen Victoria Dejaco und Michael Wonnerth-Magnusson gegr\u00fcndet. Ende Dezember 2024 wurde die Galerie dauerhaft geschlossen. Diese Website dient als Archiv ihrer Aktivit\u00e4ten von September 2020 bis Dezember 2024.<\/p>\n<p>Die Galerie Wonnerth Dejaco befand sich in der Ballgasse 6, im Herzens Wiens. Unsere Vision einer Galerie bestand in einem Ort der pers\u00f6nlichen Begegnung und des intellektuellen Austauschs \u2013 einem Ort, an dem lebendiger Diskurs geschaffen und gen\u00e4hrt wird. Unser Ziel war es, uns zuhause und anderswo f\u00fcr die \u00f6sterreichische Kunstszene stark zu machen und internationale Perspektiven nach Wien zu bringen. Unser vielf\u00e4ltiges Programm quer durch die Disziplinen brachte diese Bem\u00fchungen zum Ausdruck.<\/p>\n<p>&nbsp;<\/p>\n<p>&nbsp;<\/p>\n<p>&nbsp;<\/p>\n","protected":false},"excerpt":{"rendered":"<p>&nbsp; Wonnerth Dejaco wurde 2020 von den\u00a0 Kurator*innen und Kunsthistoriker*innen Victoria Dejaco und Michael Wonnerth-Magnusson gegr\u00fcndet. Ende Dezember 2024 wurde die Galerie dauerhaft geschlossen. Diese Website dient als Archiv ihrer Aktivit\u00e4ten von September 2020 bis Dezember 2024. Die Galerie Wonnerth Dejaco befand sich in der Ballgasse 6, im Herzens Wiens. Unsere Vision einer Galerie bestand [&hellip;]<\/p>\n","protected":false},"author":1,"featured_media":0,"parent":0,"menu_order":0,"comment_status":"closed","ping_status":"closed","template":"page-contact.php","meta":{"_acf_changed":false,"footnotes":""},"acf":[],"_links":{"self":[{"href":"https:\/\/wonnerthdejaco.com\/de\/wp-json\/wp\/v2\/pages\/171"}],"collection":[{"href":"https:\/\/wonnerthdejaco.com\/de\/wp-json\/wp\/v2\/pages"}],"about":[{"href":"https:\/\/wonnerthdejaco.com\/de\/wp-json\/wp\/v2\/types\/page"}],"author":[{"embeddable":true,"href":"https:\/\/wonnerthdejaco.com\/de\/wp-json\/wp\/v2\/users\/1"}],"replies":[{"embeddable":true,"href":"https:\/\/wonnerthdejaco.com\/de\/wp-json\/wp\/v2\/comments?post=171"}],"version-history":[{"count":10,"href":"https:\/\/wonnerthdejaco.com\/de\/wp-json\/wp\/v2\/pages\/171\/revisions"}],"predecessor-version":[{"id":5199,"href":"https:\/\/wonnerthdejaco.com\/de\/wp-json\/wp\/v2\/pages\/171\/revisions\/5199"}],"wp:attachment":[{"href":"https:\/\/wonnerthdejaco.com\/de\/wp-json\/wp\/v2\/media?parent=171"}],"curies":[{"name":"wp","href":"https:\/\/api.w.org\/{rel}","templated":true}]}}